{"id":1833,"date":"2025-03-08T00:15:11","date_gmt":"2025-03-08T00:15:11","guid":{"rendered":"https:\/\/amrgestion.com\/?page_id=1833"},"modified":"2025-03-08T00:15:42","modified_gmt":"2025-03-08T00:15:42","slug":"politica-de-reembolsos-y-devoluciones","status":"publish","type":"page","link":"https:\/\/amrgestion.com\/en\/politica-de-reembolsos-y-devoluciones\/","title":{"rendered":"Pol\u00edtica de Reembolsos y Devoluciones"},"content":{"rendered":"<div data-elementor-type=\"wp-page\" data-elementor-id=\"1833\" class=\"elementor elementor-1833\">\n\t\t\t\t<div class=\"elementor-element elementor-element-aac0ab9 e-flex e-con-boxed e-con e-parent\" data-id=\"aac0ab9\" data-element_type=\"container\" data-e-type=\"container\">\n\t\t\t\t\t<div class=\"e-con-inner\">\n\t\t\t\t<div class=\"elementor-element elementor-element-a9672f0 elementor-widget elementor-widget-text-editor\" data-id=\"a9672f0\" data-element_type=\"widget\" data-e-type=\"widget\" data-widget_type=\"text-editor.default\">\n\t\t\t\t<div class=\"elementor-widget-container\">\n\t\t\t\t\t\t\t\t\t<p data-start=\"3026\" data-end=\"3157\">Queremos garantizarte una experiencia transparente y justa. Por eso, te explicamos nuestra pol\u00edtica de reembolsos y devoluciones.<\/p><h3 data-start=\"3159\" data-end=\"3197\"><strong data-start=\"3163\" data-end=\"3195\">3.1 Condiciones de Reembolso<\/strong><\/h3><ul data-start=\"3198\" data-end=\"3411\"><li data-start=\"3198\" data-end=\"3293\"><strong data-start=\"3200\" data-end=\"3232\">Antes de iniciar el proyecto<\/strong>: Se puede solicitar un reembolso del 80% del pago inicial.<\/li><li data-start=\"3294\" data-end=\"3411\"><strong data-start=\"3296\" data-end=\"3336\">Despu\u00e9s de haber iniciado el trabajo<\/strong>: No se realizar\u00e1n reembolsos debido a la inversi\u00f3n de tiempo y recursos.<\/li><\/ul><h3 data-start=\"3413\" data-end=\"3443\"><strong data-start=\"3417\" data-end=\"3441\">3.2 Casos Especiales<\/strong><\/h3><p data-start=\"3444\" data-end=\"3567\">Si por alguna raz\u00f3n AMR GESTI\u00d3N no cumple con lo pactado, se analizar\u00e1 el caso y se determinar\u00e1 una posible compensaci\u00f3n.<\/p>\t\t\t\t\t\t\t\t<\/div>\n\t\t\t\t<\/div>\n\t\t\t\t\t<\/div>\n\t\t\t\t<\/div>\n\t\t\t\t<\/div>","protected":false},"excerpt":{"rendered":"<p>Queremos garantizarte una experiencia transparente y justa. Por eso, te explicamos nuestra pol\u00edtica de reembolsos y devoluciones. 3.1 Condiciones de Reembolso Antes de iniciar el proyecto: Se puede solicitar un reembolso del 80% del pago inicial. Despu\u00e9s de haber iniciado el trabajo: No se realizar\u00e1n reembolsos debido a la inversi\u00f3n de tiempo y recursos. 3.2 [&hellip;]<\/p>\n","protected":false},"author":1,"featured_media":0,"parent":0,"menu_order":0,"comment_status":"closed","ping_status":"closed","template":"","meta":{"footnotes":""},"class_list":["post-1833","page","type-page","status-publish","hentry"],"blocksy_meta":[],"_links":{"self":[{"href":"https:\/\/amrgestion.com\/en\/wp-json\/wp\/v2\/pages\/1833","targetHints":{"allow":["GET"]}}],"collection":[{"href":"https:\/\/amrgestion.com\/en\/wp-json\/wp\/v2\/pages"}],"about":[{"href":"https:\/\/amrgestion.com\/en\/wp-json\/wp\/v2\/types\/page"}],"author":[{"embeddable":true,"href":"https:\/\/amrgestion.com\/en\/wp-json\/wp\/v2\/users\/1"}],"replies":[{"embeddable":true,"href":"https:\/\/amrgestion.com\/en\/wp-json\/wp\/v2\/comments?post=1833"}],"version-history":[{"count":4,"href":"https:\/\/amrgestion.com\/en\/wp-json\/wp\/v2\/pages\/1833\/revisions"}],"predecessor-version":[{"id":1837,"href":"https:\/\/amrgestion.com\/en\/wp-json\/wp\/v2\/pages\/1833\/revisions\/1837"}],"wp:attachment":[{"href":"https:\/\/amrgestion.com\/en\/wp-json\/wp\/v2\/media?parent=1833"}],"curies":[{"name":"wp","href":"https:\/\/api.w.org\/{rel}","templated":true}]}}