{"id":1828,"date":"2025-03-08T00:12:40","date_gmt":"2025-03-08T00:12:40","guid":{"rendered":"https:\/\/amrgestion.com\/?page_id=1828"},"modified":"2025-03-08T00:13:35","modified_gmt":"2025-03-08T00:13:35","slug":"terminos-y-condiciones","status":"publish","type":"page","link":"https:\/\/amrgestion.com\/en\/terminos-y-condiciones\/","title":{"rendered":"T\u00e9rminos y Condiciones"},"content":{"rendered":"<div data-elementor-type=\"wp-page\" data-elementor-id=\"1828\" class=\"elementor elementor-1828\">\n\t\t\t\t<div class=\"elementor-element elementor-element-21313e7 e-flex e-con-boxed e-con e-parent\" data-id=\"21313e7\" data-element_type=\"container\" data-e-type=\"container\">\n\t\t\t\t\t<div class=\"e-con-inner\">\n\t\t\t\t<div class=\"elementor-element elementor-element-a286411 elementor-widget elementor-widget-text-editor\" data-id=\"a286411\" data-element_type=\"widget\" data-e-type=\"widget\" data-widget_type=\"text-editor.default\">\n\t\t\t\t<div class=\"elementor-widget-container\">\n\t\t\t\t\t\t\t\t\t<p data-start=\"1777\" data-end=\"1909\">Bienvenido a <strong data-start=\"1790\" data-end=\"1805\">AMR GESTI\u00d3N<\/strong>. Al acceder y utilizar nuestros servicios, aceptas cumplir con los siguientes t\u00e9rminos y condiciones.<\/p><h3 data-start=\"1911\" data-end=\"1950\"><strong data-start=\"1915\" data-end=\"1948\">2.1 Uso de Nuestros Servicios<\/strong><\/h3><ul data-start=\"1951\" data-end=\"2240\"><li data-start=\"1951\" data-end=\"2038\">Debes proporcionar informaci\u00f3n veraz y actualizada al contratar nuestros servicios.<\/li><li data-start=\"2039\" data-end=\"2151\">Nos reservamos el derecho de modificar o cancelar servicios en caso de incumplimiento de nuestras pol\u00edticas.<\/li><li data-start=\"2152\" data-end=\"2240\">No permitimos el uso de nuestros servicios para actividades il\u00edcitas o fraudulentas.<\/li><\/ul><h3 data-start=\"2242\" data-end=\"2285\"><strong data-start=\"2246\" data-end=\"2283\">2.2 Responsabilidades del Cliente<\/strong><\/h3><ul data-start=\"2286\" data-end=\"2521\"><li data-start=\"2286\" data-end=\"2374\">Facilitar toda la informaci\u00f3n y archivos necesarios para el desarrollo del proyecto.<\/li><li data-start=\"2375\" data-end=\"2433\">Responder a tiempo para evitar retrasos en la entrega.<\/li><li data-start=\"2434\" data-end=\"2521\">No realizar modificaciones externas en los archivos entregados sin previa consulta.<\/li><\/ul><h3 data-start=\"2523\" data-end=\"2569\"><strong data-start=\"2527\" data-end=\"2567\">2.3 Responsabilidades de AMR GESTI\u00d3N<\/strong><\/h3><ul data-start=\"2570\" data-end=\"2745\"><li data-start=\"2570\" data-end=\"2619\">Cumplir con los tiempos de entrega acordados.<\/li><li data-start=\"2620\" data-end=\"2680\">Proporcionar revisiones seg\u00fan lo pactado en el contrato.<\/li><li data-start=\"2681\" data-end=\"2745\">Garantizar la seguridad y confidencialidad de los proyectos.<\/li><\/ul><h3 data-start=\"2747\" data-end=\"2790\"><strong data-start=\"2751\" data-end=\"2788\">2.4 Modificaciones a los T\u00e9rminos<\/strong><\/h3><p data-start=\"2791\" data-end=\"2932\">Nos reservamos el derecho de modificar estos t\u00e9rminos en cualquier momento. Se notificar\u00e1 a los usuarios en caso de cambios significativos.<\/p>\t\t\t\t\t\t\t\t<\/div>\n\t\t\t\t<\/div>\n\t\t\t\t\t<\/div>\n\t\t\t\t<\/div>\n\t\t\t\t<\/div>","protected":false},"excerpt":{"rendered":"<p>Bienvenido a AMR GESTI\u00d3N. Al acceder y utilizar nuestros servicios, aceptas cumplir con los siguientes t\u00e9rminos y condiciones. 2.1 Uso de Nuestros Servicios Debes proporcionar informaci\u00f3n veraz y actualizada al contratar nuestros servicios. Nos reservamos el derecho de modificar o cancelar servicios en caso de incumplimiento de nuestras pol\u00edticas. No permitimos el uso de nuestros [&hellip;]<\/p>\n","protected":false},"author":1,"featured_media":0,"parent":0,"menu_order":0,"comment_status":"closed","ping_status":"closed","template":"","meta":{"footnotes":""},"class_list":["post-1828","page","type-page","status-publish","hentry"],"blocksy_meta":[],"_links":{"self":[{"href":"https:\/\/amrgestion.com\/en\/wp-json\/wp\/v2\/pages\/1828","targetHints":{"allow":["GET"]}}],"collection":[{"href":"https:\/\/amrgestion.com\/en\/wp-json\/wp\/v2\/pages"}],"about":[{"href":"https:\/\/amrgestion.com\/en\/wp-json\/wp\/v2\/types\/page"}],"author":[{"embeddable":true,"href":"https:\/\/amrgestion.com\/en\/wp-json\/wp\/v2\/users\/1"}],"replies":[{"embeddable":true,"href":"https:\/\/amrgestion.com\/en\/wp-json\/wp\/v2\/comments?post=1828"}],"version-history":[{"count":4,"href":"https:\/\/amrgestion.com\/en\/wp-json\/wp\/v2\/pages\/1828\/revisions"}],"predecessor-version":[{"id":1832,"href":"https:\/\/amrgestion.com\/en\/wp-json\/wp\/v2\/pages\/1828\/revisions\/1832"}],"wp:attachment":[{"href":"https:\/\/amrgestion.com\/en\/wp-json\/wp\/v2\/media?parent=1828"}],"curies":[{"name":"wp","href":"https:\/\/api.w.org\/{rel}","templated":true}]}}